{"id":366,"date":"2024-10-29T06:28:51","date_gmt":"2024-10-29T06:28:51","guid":{"rendered":"https:\/\/bezbecomezcal.com\/home\/"},"modified":"2025-11-07T00:34:49","modified_gmt":"2025-11-07T00:34:49","slug":"home","status":"publish","type":"page","link":"https:\/\/bezbecomezcal.com\/en\/","title":{"rendered":"Home"},"content":{"rendered":"<div data-elementor-type=\"wp-page\" data-elementor-id=\"366\" class=\"elementor elementor-366\">\n\t\t\t\t\t\t<section class=\"elementor-section elementor-top-section elementor-element elementor-element-0711a48 elementor-section-stretched elementor-hidden-desktop elementor-section-boxed elementor-section-height-default elementor-section-height-default\" data-id=\"0711a48\" data-element_type=\"section\" data-e-type=\"section\" data-settings=\"{&quot;stretch_section&quot;:&quot;section-stretched&quot;,&quot;background_background&quot;:&quot;video&quot;,&quot;background_video_link&quot;:&quot;https:\\\/\\\/www.youtube.com\\\/watch?v=BT9jg1G8k2E&quot;,&quot;background_play_on_mobile&quot;:&quot;yes&quot;}\">\n\t\t\t\t\t\t\t\t<div class=\"elementor-background-video-container\">\n\t\t\t\t\t\t\t\t\t\t\t\t\t<div class=\"elementor-background-video-embed\" role=\"presentation\"><\/div>\n\t\t\t\t\t\t\t\t\t\t\t\t<\/div>\n\t\t\t\t\t\t\t\t\t<div class=\"elementor-background-overlay\"><\/div>\n\t\t\t\t\t\t\t<div class=\"elementor-container elementor-column-gap-default\">\n\t\t\t\t\t<div class=\"elementor-column elementor-col-100 elementor-top-column elementor-element elementor-element-05f58c0\" data-id=\"05f58c0\" data-element_type=\"column\" data-e-type=\"column\">\n\t\t\t<div class=\"elementor-widget-wrap elementor-element-populated\">\n\t\t\t\t\t\t<div class=\"elementor-element elementor-element-3be6e3d elementor-widget elementor-widget-spacer\" data-id=\"3be6e3d\" data-element_type=\"widget\" data-e-type=\"widget\" data-widget_type=\"spacer.default\">\n\t\t\t\t<div class=\"elementor-widget-container\">\n\t\t\t\t\t\t\t<div class=\"elementor-spacer\">\n\t\t\t<div class=\"elementor-spacer-inner\"><\/div>\n\t\t<\/div>\n\t\t\t\t\t\t<\/div>\n\t\t\t\t<\/div>\n\t\t\t\t<div class=\"elementor-element elementor-element-a8288e9 elementor-widget elementor-widget-heading\" data-id=\"a8288e9\" data-element_type=\"widget\" data-e-type=\"widget\" data-widget_type=\"heading.default\">\n\t\t\t\t<div class=\"elementor-widget-container\">\n\t\t\t\t\t<h4 class=\"elementor-heading-title elementor-size-default\">\"Selecto y fuerte como un Bezbeco\"<\/h4>\t\t\t\t<\/div>\n\t\t\t\t<\/div>\n\t\t\t\t<div class=\"elementor-element elementor-element-ad988de elementor-shape-rounded elementor-grid-0 e-grid-align-center elementor-widget elementor-widget-social-icons\" data-id=\"ad988de\" data-element_type=\"widget\" data-e-type=\"widget\" data-widget_type=\"social-icons.default\">\n\t\t\t\t<div class=\"elementor-widget-container\">\n\t\t\t\t\t\t\t<div class=\"elementor-social-icons-wrapper elementor-grid\" role=\"list\">\n\t\t\t\t\t\t\t<span class=\"elementor-grid-item\" role=\"listitem\">\n\t\t\t\t\t<a class=\"elementor-icon elementor-social-icon elementor-social-icon-facebook elementor-animation-pulse elementor-repeater-item-b9519a1\" href=\"https:\/\/www.facebook.com\/profile.php?id=61565249218982\" target=\"_blank\">\n\t\t\t\t\t\t<span class=\"elementor-screen-only\">Facebook<\/span>\n\t\t\t\t\t\t<i aria-hidden=\"true\" class=\"fab fa-facebook\"><\/i>\t\t\t\t\t<\/a>\n\t\t\t\t<\/span>\n\t\t\t\t\t\t\t<span class=\"elementor-grid-item\" role=\"listitem\">\n\t\t\t\t\t<a class=\"elementor-icon elementor-social-icon elementor-social-icon-instagram elementor-animation-pulse elementor-repeater-item-e8a151f\" href=\"https:\/\/www.instagram.com\/bezbeco_mezcal?igsh=MXRqYWp3emFieW5hdw==\" target=\"_blank\">\n\t\t\t\t\t\t<span class=\"elementor-screen-only\">Instagram<\/span>\n\t\t\t\t\t\t<i aria-hidden=\"true\" class=\"fab fa-instagram\"><\/i>\t\t\t\t\t<\/a>\n\t\t\t\t<\/span>\n\t\t\t\t\t\t\t<span class=\"elementor-grid-item\" role=\"listitem\">\n\t\t\t\t\t<a class=\"elementor-icon elementor-social-icon elementor-social-icon-whatsapp elementor-animation-pulse elementor-repeater-item-e307cd6\" href=\"https:\/\/wa.me\/+5212223411040\" target=\"_blank\">\n\t\t\t\t\t\t<span class=\"elementor-screen-only\">Whatsapp<\/span>\n\t\t\t\t\t\t<i aria-hidden=\"true\" class=\"fab fa-whatsapp\"><\/i>\t\t\t\t\t<\/a>\n\t\t\t\t<\/span>\n\t\t\t\t\t<\/div>\n\t\t\t\t\t\t<\/div>\n\t\t\t\t<\/div>\n\t\t\t\t<div class=\"elementor-element elementor-element-87a0ef8 elementor-widget elementor-widget-spacer\" data-id=\"87a0ef8\" data-element_type=\"widget\" data-e-type=\"widget\" data-widget_type=\"spacer.default\">\n\t\t\t\t<div class=\"elementor-widget-container\">\n\t\t\t\t\t\t\t<div class=\"elementor-spacer\">\n\t\t\t<div class=\"elementor-spacer-inner\"><\/div>\n\t\t<\/div>\n\t\t\t\t\t\t<\/div>\n\t\t\t\t<\/div>\n\t\t\t\t\t<\/div>\n\t\t<\/div>\n\t\t\t\t\t<\/div>\n\t\t<\/section>\n\t\t\t\t<section class=\"elementor-section elementor-top-section elementor-element elementor-element-217f088 elementor-section-full_width elementor-section-stretched elementor-hidden-desktop elementor-section-height-default elementor-section-height-default\" data-id=\"217f088\" data-element_type=\"section\" data-e-type=\"section\" data-settings=\"{&quot;stretch_section&quot;:&quot;section-stretched&quot;,&quot;background_background&quot;:&quot;classic&quot;}\">\n\t\t\t\t\t\t<div class=\"elementor-container elementor-column-gap-extended\">\n\t\t\t\t\t<div class=\"elementor-column elementor-col-100 elementor-top-column elementor-element elementor-element-67bda11\" data-id=\"67bda11\" data-element_type=\"column\" data-e-type=\"column\" data-settings=\"{&quot;background_background&quot;:&quot;classic&quot;}\">\n\t\t\t<div class=\"elementor-widget-wrap elementor-element-populated\">\n\t\t\t\t\t\t<div class=\"elementor-element elementor-element-6d00770 elementor-widget elementor-widget-image\" data-id=\"6d00770\" data-element_type=\"widget\" data-e-type=\"widget\" data-widget_type=\"image.default\">\n\t\t\t\t<div class=\"elementor-widget-container\">\n\t\t\t\t\t\t\t\t\t\t\t\t\t\t\t<img fetchpriority=\"high\" decoding=\"async\" width=\"2382\" height=\"100\" src=\"https:\/\/bezbecomezcal.com\/wp-content\/uploads\/2024\/11\/linea.png\" class=\"attachment-full size-full wp-image-1997\" alt=\"\" srcset=\"https:\/\/bezbecomezcal.com\/wp-content\/uploads\/2024\/11\/linea.png 2382w, https:\/\/bezbecomezcal.com\/wp-content\/uploads\/2024\/11\/linea-600x25.png 600w, https:\/\/bezbecomezcal.com\/wp-content\/uploads\/2024\/11\/linea-300x13.png 300w, https:\/\/bezbecomezcal.com\/wp-content\/uploads\/2024\/11\/linea-1024x43.png 1024w, https:\/\/bezbecomezcal.com\/wp-content\/uploads\/2024\/11\/linea-768x32.png 768w, https:\/\/bezbecomezcal.com\/wp-content\/uploads\/2024\/11\/linea-1536x64.png 1536w, https:\/\/bezbecomezcal.com\/wp-content\/uploads\/2024\/11\/linea-2048x86.png 2048w\" sizes=\"(max-width: 2382px) 100vw, 2382px\" \/>\t\t\t\t\t\t\t\t\t\t\t\t\t\t\t<\/div>\n\t\t\t\t<\/div>\n\t\t\t\t<div class=\"elementor-element elementor-element-61613ec elementor-widget elementor-widget-heading\" data-id=\"61613ec\" data-element_type=\"widget\" data-e-type=\"widget\" data-widget_type=\"heading.default\">\n\t\t\t\t<div class=\"elementor-widget-container\">\n\t\t\t\t\t<h5 class=\"elementor-heading-title elementor-size-default\">Somos una empresa 100% oaxaque\u00f1a dedicada a la producci\u00f3n de la bebida espirituosa m\u00e1s importante del pa\u00eds llamada mezcal, bajo los m\u00e1s estrictos procedimientos de calidad, sin perder el toque artesanal de nuestros maestros mezcaleros.<\/h5>\t\t\t\t<\/div>\n\t\t\t\t<\/div>\n\t\t\t\t<div class=\"elementor-element elementor-element-ef793f4 elementor-widget elementor-widget-image\" data-id=\"ef793f4\" data-element_type=\"widget\" data-e-type=\"widget\" data-widget_type=\"image.default\">\n\t\t\t\t<div class=\"elementor-widget-container\">\n\t\t\t\t\t\t\t\t\t\t\t\t\t\t\t<img fetchpriority=\"high\" decoding=\"async\" width=\"2382\" height=\"100\" src=\"https:\/\/bezbecomezcal.com\/wp-content\/uploads\/2024\/11\/linea.png\" class=\"attachment-full size-full wp-image-1997\" alt=\"\" srcset=\"https:\/\/bezbecomezcal.com\/wp-content\/uploads\/2024\/11\/linea.png 2382w, https:\/\/bezbecomezcal.com\/wp-content\/uploads\/2024\/11\/linea-600x25.png 600w, https:\/\/bezbecomezcal.com\/wp-content\/uploads\/2024\/11\/linea-300x13.png 300w, https:\/\/bezbecomezcal.com\/wp-content\/uploads\/2024\/11\/linea-1024x43.png 1024w, https:\/\/bezbecomezcal.com\/wp-content\/uploads\/2024\/11\/linea-768x32.png 768w, https:\/\/bezbecomezcal.com\/wp-content\/uploads\/2024\/11\/linea-1536x64.png 1536w, https:\/\/bezbecomezcal.com\/wp-content\/uploads\/2024\/11\/linea-2048x86.png 2048w\" sizes=\"(max-width: 2382px) 100vw, 2382px\" \/>\t\t\t\t\t\t\t\t\t\t\t\t\t\t\t<\/div>\n\t\t\t\t<\/div>\n\t\t\t\t<div class=\"elementor-element elementor-element-5d5b75c elementor-mobile-align-center elementor-widget elementor-widget-button\" data-id=\"5d5b75c\" data-element_type=\"widget\" data-e-type=\"widget\" data-widget_type=\"button.default\">\n\t\t\t\t<div class=\"elementor-widget-container\">\n\t\t\t\t\t\t\t\t\t<div class=\"elementor-button-wrapper\">\n\t\t\t\t\t<a class=\"elementor-button elementor-button-link elementor-size-sm\" href=\"https:\/\/bezbecomezcal.com\/en\/catalogo\/\">\n\t\t\t\t\t\t<span class=\"elementor-button-content-wrapper\">\n\t\t\t\t\t\t\t\t\t<span class=\"elementor-button-text\">View Product Catalog<\/span>\n\t\t\t\t\t<\/span>\n\t\t\t\t\t<\/a>\n\t\t\t\t<\/div>\n\t\t\t\t\t\t\t\t<\/div>\n\t\t\t\t<\/div>\n\t\t\t\t<div class=\"elementor-element elementor-element-3a26056 elementor-widget elementor-widget-heading\" data-id=\"3a26056\" data-element_type=\"widget\" data-e-type=\"widget\" data-widget_type=\"heading.default\">\n\t\t\t\t<div class=\"elementor-widget-container\">\n\t\t\t\t\t<h5 class=\"elementor-heading-title elementor-size-default\"> Bezbeco Mezcal Artesanal nace del gusto y tradici\u00f3n mezcalera de 4 generaciones de productores en la comunidad de San Dionisio Ocotepec, Oaxaca. En Bezbeco Mezcal Artesanal, nos inspiramos en la fuerza y \u200b\u200bel esp\u00edritu del lobo: solitario pero profundamente leal a su manada. Nuestro mezcal, 100% artesanal y orgullosamente oaxaque\u00f1o, captura la esencia de nuestras ra\u00edces y el poder de la uni\u00f3n en cada gota. No solo producimos mezcal; compartimos una tradici\u00f3n, un s\u00edmbolo de fortaleza y hermandad.<\/h5>\t\t\t\t<\/div>\n\t\t\t\t<\/div>\n\t\t\t\t<div class=\"elementor-element elementor-element-dac1b1c elementor-widget-mobile__width-inherit elementor-widget elementor-widget-image\" data-id=\"dac1b1c\" data-element_type=\"widget\" data-e-type=\"widget\" data-widget_type=\"image.default\">\n\t\t\t\t<div class=\"elementor-widget-container\">\n\t\t\t\t\t\t\t\t\t\t\t\t\t\t\t<img decoding=\"async\" width=\"1024\" height=\"591\" src=\"https:\/\/bezbecomezcal.com\/wp-content\/uploads\/2024\/11\/Lobo-1024x591.png\" class=\"attachment-large size-large wp-image-1983\" alt=\"\" srcset=\"https:\/\/bezbecomezcal.com\/wp-content\/uploads\/2024\/11\/Lobo-1024x591.png 1024w, https:\/\/bezbecomezcal.com\/wp-content\/uploads\/2024\/11\/Lobo-600x346.png 600w, https:\/\/bezbecomezcal.com\/wp-content\/uploads\/2024\/11\/Lobo-300x173.png 300w, https:\/\/bezbecomezcal.com\/wp-content\/uploads\/2024\/11\/Lobo-768x443.png 768w, https:\/\/bezbecomezcal.com\/wp-content\/uploads\/2024\/11\/Lobo-1536x887.png 1536w, https:\/\/bezbecomezcal.com\/wp-content\/uploads\/2024\/11\/Lobo-2048x1182.png 2048w\" sizes=\"(max-width: 1024px) 100vw, 1024px\" \/>\t\t\t\t\t\t\t\t\t\t\t\t\t\t\t<\/div>\n\t\t\t\t<\/div>\n\t\t\t\t\t<\/div>\n\t\t<\/div>\n\t\t\t\t\t<\/div>\n\t\t<\/section>\n\t\t\t\t<section class=\"elementor-section elementor-top-section elementor-element elementor-element-f2ec623 elementor-section-stretched elementor-section-height-full elementor-hidden-tablet elementor-hidden-mobile elementor-section-boxed elementor-section-height-default elementor-section-items-middle\" data-id=\"f2ec623\" data-element_type=\"section\" data-e-type=\"section\" data-settings=\"{&quot;stretch_section&quot;:&quot;section-stretched&quot;,&quot;background_background&quot;:&quot;video&quot;,&quot;background_video_link&quot;:&quot;https:\\\/\\\/www.youtube.com\\\/watch?v=BT9jg1G8k2E&quot;}\">\n\t\t\t\t\t\t\t\t<div class=\"elementor-background-video-container elementor-hidden-mobile\">\n\t\t\t\t\t\t\t\t\t\t\t\t\t<div class=\"elementor-background-video-embed\" role=\"presentation\"><\/div>\n\t\t\t\t\t\t\t\t\t\t\t\t<\/div>\n\t\t\t\t\t\t\t\t\t<div class=\"elementor-background-overlay\"><\/div>\n\t\t\t\t\t\t\t<div class=\"elementor-container elementor-column-gap-default\">\n\t\t\t\t\t<div class=\"elementor-column elementor-col-100 elementor-top-column elementor-element elementor-element-6e2817d\" data-id=\"6e2817d\" data-element_type=\"column\" data-e-type=\"column\">\n\t\t\t<div class=\"elementor-widget-wrap elementor-element-populated\">\n\t\t\t\t\t\t<div class=\"elementor-element elementor-element-94dfe24 elementor-widget elementor-widget-heading\" data-id=\"94dfe24\" data-element_type=\"widget\" data-e-type=\"widget\" data-widget_type=\"heading.default\">\n\t\t\t\t<div class=\"elementor-widget-container\">\n\t\t\t\t\t<h4 class=\"elementor-heading-title elementor-size-default\">\"Selecto y fuerte como un Bezbeco\"<\/h4>\t\t\t\t<\/div>\n\t\t\t\t<\/div>\n\t\t\t\t<div class=\"elementor-element elementor-element-cd2f7e9 elementor-widget elementor-widget-spacer\" data-id=\"cd2f7e9\" data-element_type=\"widget\" data-e-type=\"widget\" data-widget_type=\"spacer.default\">\n\t\t\t\t<div class=\"elementor-widget-container\">\n\t\t\t\t\t\t\t<div class=\"elementor-spacer\">\n\t\t\t<div class=\"elementor-spacer-inner\"><\/div>\n\t\t<\/div>\n\t\t\t\t\t\t<\/div>\n\t\t\t\t<\/div>\n\t\t\t\t<div class=\"elementor-element elementor-element-c39a913 elementor-shape-rounded elementor-grid-0 e-grid-align-center elementor-widget elementor-widget-social-icons\" data-id=\"c39a913\" data-element_type=\"widget\" data-e-type=\"widget\" data-widget_type=\"social-icons.default\">\n\t\t\t\t<div class=\"elementor-widget-container\">\n\t\t\t\t\t\t\t<div class=\"elementor-social-icons-wrapper elementor-grid\" role=\"list\">\n\t\t\t\t\t\t\t<span class=\"elementor-grid-item\" role=\"listitem\">\n\t\t\t\t\t<a class=\"elementor-icon elementor-social-icon elementor-social-icon-facebook elementor-animation-pulse elementor-repeater-item-b9519a1\" href=\"https:\/\/www.facebook.com\/profile.php?id=61565249218982\" target=\"_blank\">\n\t\t\t\t\t\t<span class=\"elementor-screen-only\">Facebook<\/span>\n\t\t\t\t\t\t<i aria-hidden=\"true\" class=\"fab fa-facebook\"><\/i>\t\t\t\t\t<\/a>\n\t\t\t\t<\/span>\n\t\t\t\t\t\t\t<span class=\"elementor-grid-item\" role=\"listitem\">\n\t\t\t\t\t<a class=\"elementor-icon elementor-social-icon elementor-social-icon-instagram elementor-animation-pulse elementor-repeater-item-e8a151f\" href=\"https:\/\/www.instagram.com\/bezbeco_mezcal?igsh=MXRqYWp3emFieW5hdw==\" target=\"_blank\">\n\t\t\t\t\t\t<span class=\"elementor-screen-only\">Instagram<\/span>\n\t\t\t\t\t\t<i aria-hidden=\"true\" class=\"fab fa-instagram\"><\/i>\t\t\t\t\t<\/a>\n\t\t\t\t<\/span>\n\t\t\t\t\t\t\t<span class=\"elementor-grid-item\" role=\"listitem\">\n\t\t\t\t\t<a class=\"elementor-icon elementor-social-icon elementor-social-icon-whatsapp elementor-animation-pulse elementor-repeater-item-e307cd6\" href=\"https:\/\/wa.me\/+5212223411040\" target=\"_blank\">\n\t\t\t\t\t\t<span class=\"elementor-screen-only\">Whatsapp<\/span>\n\t\t\t\t\t\t<i aria-hidden=\"true\" class=\"fab fa-whatsapp\"><\/i>\t\t\t\t\t<\/a>\n\t\t\t\t<\/span>\n\t\t\t\t\t<\/div>\n\t\t\t\t\t\t<\/div>\n\t\t\t\t<\/div>\n\t\t\t\t\t<\/div>\n\t\t<\/div>\n\t\t\t\t\t<\/div>\n\t\t<\/section>\n\t\t\t\t<section class=\"elementor-section elementor-top-section elementor-element elementor-element-2596e4a elementor-section-full_width elementor-section-stretched elementor-hidden-tablet elementor-hidden-mobile elementor-section-height-default elementor-section-height-default\" data-id=\"2596e4a\" data-element_type=\"section\" data-e-type=\"section\" data-settings=\"{&quot;stretch_section&quot;:&quot;section-stretched&quot;,&quot;background_background&quot;:&quot;classic&quot;}\">\n\t\t\t\t\t\t<div class=\"elementor-container elementor-column-gap-extended\">\n\t\t\t\t\t<div class=\"elementor-column elementor-col-100 elementor-top-column elementor-element elementor-element-d133c43\" data-id=\"d133c43\" data-element_type=\"column\" data-e-type=\"column\" data-settings=\"{&quot;background_background&quot;:&quot;classic&quot;}\">\n\t\t\t<div class=\"elementor-widget-wrap elementor-element-populated\">\n\t\t\t\t\t\t<div class=\"elementor-element elementor-element-239f05a elementor-widget elementor-widget-image\" data-id=\"239f05a\" data-element_type=\"widget\" data-e-type=\"widget\" data-widget_type=\"image.default\">\n\t\t\t\t<div class=\"elementor-widget-container\">\n\t\t\t\t\t\t\t\t\t\t\t\t\t\t\t<img decoding=\"async\" width=\"300\" height=\"13\" src=\"https:\/\/bezbecomezcal.com\/wp-content\/uploads\/2024\/11\/linea-300x13.png\" class=\"attachment-medium size-medium wp-image-1997\" alt=\"\" srcset=\"https:\/\/bezbecomezcal.com\/wp-content\/uploads\/2024\/11\/linea-300x13.png 300w, https:\/\/bezbecomezcal.com\/wp-content\/uploads\/2024\/11\/linea-600x25.png 600w, https:\/\/bezbecomezcal.com\/wp-content\/uploads\/2024\/11\/linea-1024x43.png 1024w, https:\/\/bezbecomezcal.com\/wp-content\/uploads\/2024\/11\/linea-768x32.png 768w, https:\/\/bezbecomezcal.com\/wp-content\/uploads\/2024\/11\/linea-1536x64.png 1536w, https:\/\/bezbecomezcal.com\/wp-content\/uploads\/2024\/11\/linea-2048x86.png 2048w\" sizes=\"(max-width: 300px) 100vw, 300px\" \/>\t\t\t\t\t\t\t\t\t\t\t\t\t\t\t<\/div>\n\t\t\t\t<\/div>\n\t\t\t\t<div class=\"elementor-element elementor-element-7fc4f51 elementor-widget elementor-widget-heading\" data-id=\"7fc4f51\" data-element_type=\"widget\" data-e-type=\"widget\" data-widget_type=\"heading.default\">\n\t\t\t\t<div class=\"elementor-widget-container\">\n\t\t\t\t\t<h5 class=\"elementor-heading-title elementor-size-default\">We are a 100% Oaxacan company dedicated to producing the country's most important spirit, mezcal. We follow the strictest quality procedures while preserving the artisanal touch of our master mezcaleros and remain committed to complying with the official Mexican standard NOM-070-SCFI-2016.\n<\/h5>\t\t\t\t<\/div>\n\t\t\t\t<\/div>\n\t\t\t\t<div class=\"elementor-element elementor-element-d8b1730 elementor-widget elementor-widget-image\" data-id=\"d8b1730\" data-element_type=\"widget\" data-e-type=\"widget\" data-widget_type=\"image.default\">\n\t\t\t\t<div class=\"elementor-widget-container\">\n\t\t\t\t\t\t\t\t\t\t\t\t\t\t\t<img decoding=\"async\" width=\"300\" height=\"13\" src=\"https:\/\/bezbecomezcal.com\/wp-content\/uploads\/2024\/11\/linea-300x13.png\" class=\"attachment-medium size-medium wp-image-1997\" alt=\"\" srcset=\"https:\/\/bezbecomezcal.com\/wp-content\/uploads\/2024\/11\/linea-300x13.png 300w, https:\/\/bezbecomezcal.com\/wp-content\/uploads\/2024\/11\/linea-600x25.png 600w, https:\/\/bezbecomezcal.com\/wp-content\/uploads\/2024\/11\/linea-1024x43.png 1024w, https:\/\/bezbecomezcal.com\/wp-content\/uploads\/2024\/11\/linea-768x32.png 768w, https:\/\/bezbecomezcal.com\/wp-content\/uploads\/2024\/11\/linea-1536x64.png 1536w, https:\/\/bezbecomezcal.com\/wp-content\/uploads\/2024\/11\/linea-2048x86.png 2048w\" sizes=\"(max-width: 300px) 100vw, 300px\" \/>\t\t\t\t\t\t\t\t\t\t\t\t\t\t\t<\/div>\n\t\t\t\t<\/div>\n\t\t\t\t<div class=\"elementor-element elementor-element-88ff7c5 elementor-mobile-align-center elementor-align-center elementor-widget elementor-widget-button\" data-id=\"88ff7c5\" data-element_type=\"widget\" data-e-type=\"widget\" data-widget_type=\"button.default\">\n\t\t\t\t<div class=\"elementor-widget-container\">\n\t\t\t\t\t\t\t\t\t<div class=\"elementor-button-wrapper\">\n\t\t\t\t\t<a class=\"elementor-button elementor-button-link elementor-size-sm elementor-animation-pulse\" href=\"https:\/\/bezbecomezcal.com\/en\/catalogo\/\">\n\t\t\t\t\t\t<span class=\"elementor-button-content-wrapper\">\n\t\t\t\t\t\t\t\t\t<span class=\"elementor-button-text\">View Product Catalog<\/span>\n\t\t\t\t\t<\/span>\n\t\t\t\t\t<\/a>\n\t\t\t\t<\/div>\n\t\t\t\t\t\t\t\t<\/div>\n\t\t\t\t<\/div>\n\t\t\t\t<div class=\"elementor-element elementor-element-661a186 elementor-widget elementor-widget-heading\" data-id=\"661a186\" data-element_type=\"widget\" data-e-type=\"widget\" data-widget_type=\"heading.default\">\n\t\t\t\t<div class=\"elementor-widget-container\">\n\t\t\t\t\t<h5 class=\"elementor-heading-title elementor-size-default\"> Bezbeco Mezcal Artesanal was born from the passion and mezcal-making tradition of four generations of producers in the community of San Dionisio Ocotepec, Oaxaca.\n\nAt Bezbeco Mezcal Artesanal, we are inspired by the strength and spirit of the wolf: solitary yet deeply loyal to its pack. Our mezcal, 100% artisanal and proudly Oaxacan, captures the essence of our roots and the power of unity in every drop. We don\u2019t just produce mezcal; we share a tradition, a symbol of strength and brotherhood.\n<\/h5>\t\t\t\t<\/div>\n\t\t\t\t<\/div>\n\t\t\t\t<div class=\"elementor-element elementor-element-adff508 elementor-widget-mobile__width-inherit elementor-widget elementor-widget-image\" data-id=\"adff508\" data-element_type=\"widget\" data-e-type=\"widget\" data-widget_type=\"image.default\">\n\t\t\t\t<div class=\"elementor-widget-container\">\n\t\t\t\t\t\t\t\t\t\t\t\t\t\t\t<img loading=\"lazy\" decoding=\"async\" width=\"5494\" height=\"3171\" src=\"https:\/\/bezbecomezcal.com\/wp-content\/uploads\/2024\/11\/Lobo.png\" class=\"attachment-full size-full wp-image-1983\" alt=\"\" srcset=\"https:\/\/bezbecomezcal.com\/wp-content\/uploads\/2024\/11\/Lobo.png 5494w, https:\/\/bezbecomezcal.com\/wp-content\/uploads\/2024\/11\/Lobo-600x346.png 600w, https:\/\/bezbecomezcal.com\/wp-content\/uploads\/2024\/11\/Lobo-300x173.png 300w, https:\/\/bezbecomezcal.com\/wp-content\/uploads\/2024\/11\/Lobo-1024x591.png 1024w, https:\/\/bezbecomezcal.com\/wp-content\/uploads\/2024\/11\/Lobo-768x443.png 768w, https:\/\/bezbecomezcal.com\/wp-content\/uploads\/2024\/11\/Lobo-1536x887.png 1536w, https:\/\/bezbecomezcal.com\/wp-content\/uploads\/2024\/11\/Lobo-2048x1182.png 2048w\" sizes=\"(max-width: 5494px) 100vw, 5494px\" \/>\t\t\t\t\t\t\t\t\t\t\t\t\t\t\t<\/div>\n\t\t\t\t<\/div>\n\t\t\t\t\t<\/div>\n\t\t<\/div>\n\t\t\t\t\t<\/div>\n\t\t<\/section>\n\t\t\t\t<\/div>","protected":false},"excerpt":{"rendered":"<p>&#8220;Selecto y fuerte como un Bezbeco&#8221; Facebook Instagram Whatsapp Somos una empresa 100% oaxaque\u00f1a dedicada a la producci\u00f3n de la bebida espirituosa m\u00e1s importante del pa\u00eds llamada mezcal, bajo los m\u00e1s estrictos procedimientos de calidad, sin perder el toque artesanal de nuestros maestros mezcaleros. Ver cat\u00e1logo de productos Bezbeco Mezcal Artesanal nace del gusto y&hellip;&nbsp;<a href=\"https:\/\/bezbecomezcal.com\/en\/\" rel=\"bookmark\">Read More &raquo;<span class=\"screen-reader-text\">Home<\/span><\/a><\/p>","protected":false},"author":1,"featured_media":0,"parent":0,"menu_order":0,"comment_status":"closed","ping_status":"closed","template":"","meta":{"_uag_custom_page_level_css":"","_monsterinsights_skip_tracking":false,"_monsterinsights_sitenote_active":false,"_monsterinsights_sitenote_note":"","_monsterinsights_sitenote_category":0,"neve_meta_sidebar":"","neve_meta_container":"","neve_meta_enable_content_width":"","neve_meta_content_width":0,"neve_meta_title_alignment":"","neve_meta_author_avatar":"","neve_post_elements_order":"","neve_meta_disable_header":"","neve_meta_disable_footer":"","neve_meta_disable_title":"","footnotes":""},"class_list":["post-366","page","type-page","status-publish","hentry"],"aioseo_notices":[],"uagb_featured_image_src":{"full":false,"thumbnail":false,"medium":false,"medium_large":false,"large":false,"1536x1536":false,"2048x2048":false,"trp-custom-language-flag":false,"neve-blog":false,"woocommerce_thumbnail":false,"woocommerce_single":false,"woocommerce_gallery_thumbnail":false},"uagb_author_info":{"display_name":"","author_link":"https:\/\/bezbecomezcal.com\/en\/author\/bezbecomezcalgmail-com\/"},"uagb_comment_info":0,"uagb_excerpt":"&#8220;Selecto y fuerte como un Bezbeco&#8221; Facebook Instagram Whatsapp Somos una empresa 100% oaxaque\u00f1a dedicada a la producci\u00f3n de la bebida espirituosa m\u00e1s importante del pa\u00eds llamada mezcal, bajo los m\u00e1s estrictos procedimientos de calidad, sin perder el toque artesanal de nuestros maestros mezcaleros. Ver cat\u00e1logo de productos Bezbeco Mezcal Artesanal nace del gusto y&hellip;&nbsp;Read&hellip;","_links":{"self":[{"href":"https:\/\/bezbecomezcal.com\/en\/wp-json\/wp\/v2\/pages\/366","targetHints":{"allow":["GET"]}}],"collection":[{"href":"https:\/\/bezbecomezcal.com\/en\/wp-json\/wp\/v2\/pages"}],"about":[{"href":"https:\/\/bezbecomezcal.com\/en\/wp-json\/wp\/v2\/types\/page"}],"author":[{"embeddable":true,"href":"https:\/\/bezbecomezcal.com\/en\/wp-json\/wp\/v2\/users\/1"}],"replies":[{"embeddable":true,"href":"https:\/\/bezbecomezcal.com\/en\/wp-json\/wp\/v2\/comments?post=366"}],"version-history":[{"count":395,"href":"https:\/\/bezbecomezcal.com\/en\/wp-json\/wp\/v2\/pages\/366\/revisions"}],"predecessor-version":[{"id":3146,"href":"https:\/\/bezbecomezcal.com\/en\/wp-json\/wp\/v2\/pages\/366\/revisions\/3146"}],"wp:attachment":[{"href":"https:\/\/bezbecomezcal.com\/en\/wp-json\/wp\/v2\/media?parent=366"}],"curies":[{"name":"wp","href":"https:\/\/api.w.org\/{rel}","templated":true}]}}